{"id":24,"date":"2023-05-15T01:59:46","date_gmt":"2023-05-15T01:59:46","guid":{"rendered":"https:\/\/themeholy.com\/wordpress\/malen\/?page_id=24"},"modified":"2024-12-09T08:49:19","modified_gmt":"2024-12-09T08:49:19","slug":"suministros","status":"publish","type":"page","link":"https:\/\/cormacorporativo.com.mx\/index.php\/suministros\/","title":{"rendered":"Suministros"},"content":{"rendered":"\t\t<div data-elementor-type=\"wp-page\" data-elementor-id=\"24\" class=\"elementor elementor-24\" data-elementor-post-type=\"page\">\n\t\t\t\t\t\t<section class=\"elementor-section elementor-top-section elementor-element elementor-element-2f71408 elementor-reverse-tablet elementor-reverse-mobile elementor-section-boxed elementor-section-height-default elementor-section-height-default\" data-id=\"2f71408\" data-element_type=\"section\">\n\t\t\t\t\t\t<div class=\"elementor-container elementor-column-gap-no\">\n\t\t\t\t\t<div class=\"elementor-column elementor-col-50 elementor-top-column elementor-element elementor-element-fed7c54 sidebar-area\" data-id=\"fed7c54\" data-element_type=\"column\">\n\t\t\t<div class=\"elementor-widget-wrap elementor-element-populated\">\n\t\t\t\t\r\n\t\t<div class=\"elementor-element elementor-element-5c3cfc0 elementor-widget elementor-widget-malenservicelist\" data-id=\"5c3cfc0\" data-element_type=\"widget\" data-widget_type=\"malenservicelist.default\">\n\t\t\t\t<div class=\"elementor-widget-container\">\n\t\t\t\t\t\r\n                    <div class=\"widget widget_categories th-cate-wrap \">\r\n\t\t\t\t                <h3 class=\"widget_title th-title\">All Services<\/h3>\r\n\t\t\t\t                <ul>\r\n                                        <li>\r\n                        <a href=\"https:\/\/themeholy.com\/wordpress\/malen\/service-details\/\">Accessories<\/a>\r\n                        <i class=\"fa-regular fa-angles-right\"><\/i>                    <\/li>\r\n                                        <li>\r\n                        <a href=\"https:\/\/themeholy.com\/wordpress\/malen\/service-details\/\">Engine parts<\/a>\r\n                        <i class=\"fa-regular fa-angles-right\"><\/i>                    <\/li>\r\n                                        <li>\r\n                        <a href=\"https:\/\/themeholy.com\/wordpress\/malen\/service-details\/\">Gadgets<\/a>\r\n                        <i class=\"fa-regular fa-angles-right\"><\/i>                    <\/li>\r\n                                        <li>\r\n                        <a href=\"https:\/\/themeholy.com\/wordpress\/malen\/service-details\/\">Glasses Change <\/a>\r\n                        <i class=\"fa-regular fa-angles-right\"><\/i>                    <\/li>\r\n                                        <li>\r\n                        <a href=\"https:\/\/themeholy.com\/wordpress\/malen\/service-details\/\">Battery Solutions<\/a>\r\n                        <i class=\"fa-regular fa-angles-right\"><\/i>                    <\/li>\r\n                                        <li>\r\n                        <a href=\"https:\/\/themeholy.com\/wordpress\/malen\/service-details\/\">Electronics<\/a>\r\n                        <i class=\"fa-regular fa-angles-right\"><\/i>                    <\/li>\r\n                                        <li>\r\n                        <a href=\"https:\/\/themeholy.com\/wordpress\/malen\/service-details\/\">Equipment<\/a>\r\n                        <i class=\"fa-regular fa-angles-right\"><\/i>                    <\/li>\r\n                                    <\/ul>\r\n            <\/div>\r\n\r\n        \t\t\t\t<\/div>\n\t\t\t\t<\/div>\n\t\t\t\t<div class=\"elementor-element elementor-element-4b50308 elementor-widget elementor-widget-maleninfobox\" data-id=\"4b50308\" data-element_type=\"widget\" data-widget_type=\"maleninfobox.default\">\n\t\t\t\t<div class=\"elementor-widget-container\">\n\t\t\t\t\t\r\n        \t\t\t<div class=\"widget_banner  \" data-bg-src=\"https:\/\/themeholy.com\/wordpress\/malen\/wp-content\/uploads\/2023\/05\/widget_bg_1.jpg\">\r\n\t\t\t\t<div class=\"widget_wrapper\">\r\n\t\t\t\t\t<h4 class=\"widget_title\">Need Help<\/h4>\r\n\t\t\t\t\t<div class=\"widget-banner\">\r\n\t\t\t\t\t\t<div class=\"widget-icon\">\r\n\t\t\t\t\t\t\t<a href=\"tel:+12907555010\" class=\"play-btn\"><i class=\"fa-regular fa-phone\"><\/i><\/a>\r\n\t\t\t\t\t\t<\/div>\r\n\t\t\t\t\t\t<div class=\"widget-content\">\r\n\t\t\t\t\t\t\t<span class=\"widget_desc\">Support<\/span>\r\n\t\t\t\t\t\t\t<a href=\"tel:+12907555010\" class=\"banner-link\">+12 (907) 555-010<\/a>\r\n\t\t\t\t\t\t<\/div>\r\n\t\t\t\t\t<\/div>\r\n\t\t\t\t<\/div>\r\n\t\t\t<\/div>\r\n\r\n\r\n    \t\t\t\t\t<\/div>\n\t\t\t\t<\/div>\n\t\t\t\t\t<\/div>\n\t\t<\/div>\n\t\t\t\t<div class=\"elementor-column elementor-col-50 elementor-top-column elementor-element elementor-element-ab387dc\" data-id=\"ab387dc\" data-element_type=\"column\">\n\t\t\t<div class=\"elementor-widget-wrap elementor-element-populated\">\n\t\t\t\t\t\t<div class=\"elementor-element elementor-element-31856ae elementor-widget elementor-widget-image\" data-id=\"31856ae\" data-element_type=\"widget\" data-widget_type=\"image.default\">\n\t\t\t\t<div class=\"elementor-widget-container\">\n\t\t\t\t\t\t\t\t\t\t\t\t\t\t\t<img fetchpriority=\"high\" decoding=\"async\" width=\"870\" height=\"450\" src=\"https:\/\/cormacorporativo.com.mx\/wp-content\/uploads\/2023\/05\/service_details-1-1.jpg\" class=\"attachment-full size-full wp-image-1204\" alt=\"\" srcset=\"https:\/\/cormacorporativo.com.mx\/wp-content\/uploads\/2023\/05\/service_details-1-1.jpg 870w, https:\/\/cormacorporativo.com.mx\/wp-content\/uploads\/2023\/05\/service_details-1-1-600x310.jpg 600w, https:\/\/cormacorporativo.com.mx\/wp-content\/uploads\/2023\/05\/service_details-1-1-300x155.jpg 300w, https:\/\/cormacorporativo.com.mx\/wp-content\/uploads\/2023\/05\/service_details-1-1-768x397.jpg 768w\" sizes=\"(max-width: 870px) 100vw, 870px\" \/>\t\t\t\t\t\t\t\t\t\t\t\t\t\t\t<\/div>\n\t\t\t\t<\/div>\n\t\t\t\t<div class=\"elementor-element elementor-element-07165c4 elementor-widget elementor-widget-heading\" data-id=\"07165c4\" data-element_type=\"widget\" data-widget_type=\"heading.default\">\n\t\t\t\t<div class=\"elementor-widget-container\">\n\t\t\t\t\t<h4 class=\"elementor-heading-title elementor-size-default\">Nuestros otros servicios<\/h4>\t\t\t\t<\/div>\n\t\t\t\t<\/div>\n\t\t\t\t<div class=\"elementor-element elementor-element-5e801b5 elementor-widget elementor-widget-text-editor\" data-id=\"5e801b5\" data-element_type=\"widget\" data-widget_type=\"text-editor.default\">\n\t\t\t\t<div class=\"elementor-widget-container\">\n\t\t\t\t\t\t\t\t\t<p>Adem\u00e1s de proporcionar\u00a0 mantenimiento preventivo y correctivo a unidades ligeras, pesadas, semipesadas y de caminos en todos sus sistemas, ofrecemos otros servicios para su empresa.<\/p>\t\t\t\t\t\t\t\t<\/div>\n\t\t\t\t<\/div>\n\t\t\t\t<div class=\"elementor-element elementor-element-0770967 elementor-widget elementor-widget-text-editor\" data-id=\"0770967\" data-element_type=\"widget\" data-widget_type=\"text-editor.default\">\n\t\t\t\t<div class=\"elementor-widget-container\">\n\t\t\t\t\t\t\t\t\t<ul><li><p><b>SUMINISTRO DE PAPELER\u00cdA Y ABARROTES<\/b>: Materiales y consumibles para oficina, productos alimenticios, confiter\u00eda, bebidas, m\u00e1quinas vending.<\/p><\/li><li><p><b>SUMINISTRO DE EQUIPOS DE C\u00d3MPUTO<\/b>: Computadoras, impresoras, copiadoras, consumibles de c\u00f3mputo como tintas y t\u00f3ner, entre otros; mantenimiento de equipos de c\u00f3mputo e instalaci\u00f3n de servidores.<\/p><\/li><li><p><b>SUMINISTRO DE EQUIPOS DE OFICINA<\/b>: Mobiliario para m\u00f3dulos, salas de juntas, mesas, sillas, escritorios, rotafolios, proyectores, equipos utilitarios, consumibles de oficina, entre otros.<\/p><\/li><li><p><b>SUMINISTRO DE ART\u00cdCULOS DE LIMPIEZA<\/b>: Servilletas, papel para sanitarios, color, detergentes, desodorantes, aromatizantes, trapeadores, escobas, cubetas, gel anti-bacterial, entre otros art\u00edculos. Pintura para retoque y mantenimiento.<\/p><\/li><li><p><b>ALQUILER DE VEH\u00cdCULOS<\/b>: Renta por horas, d\u00edas, semana o mes de veh\u00edculos utilitarios, de transporte y de carga, as\u00ed como de maquinaria pesada.<\/p><\/li><\/ul>\t\t\t\t\t\t\t\t<\/div>\n\t\t\t\t<\/div>\n\t\t\t\t<div class=\"elementor-element elementor-element-904bf28 elementor-widget elementor-widget-heading\" data-id=\"904bf28\" data-element_type=\"widget\" data-widget_type=\"heading.default\">\n\t\t\t\t<div class=\"elementor-widget-container\">\n\t\t\t\t\t<h4 class=\"elementor-heading-title elementor-size-default\">Beneficios de ser nuestro cliente<\/h4>\t\t\t\t<\/div>\n\t\t\t\t<\/div>\n\t\t\t\t<div class=\"elementor-element elementor-element-11ec08f elementor-widget elementor-widget-text-editor\" data-id=\"11ec08f\" data-element_type=\"widget\" data-widget_type=\"text-editor.default\">\n\t\t\t\t<div class=\"elementor-widget-container\">\n\t\t\t\t\t\t\t\t\t<p>Ofrecemos suministros de la mejor calidad, renta de veh\u00edculos acorde a sus necesidades; unidades en excelentes condiciones; equipos de c\u00f3mputo con garant\u00eda y de \u00faltima generaci\u00f3n, entre otros.<\/p>\t\t\t\t\t\t\t\t<\/div>\n\t\t\t\t<\/div>\n\t\t\t\t<div class=\"elementor-element elementor-element-a1b66a4 elementor-widget elementor-widget-maleninfobox\" data-id=\"a1b66a4\" data-element_type=\"widget\" data-widget_type=\"maleninfobox.default\">\n\t\t\t\t<div class=\"elementor-widget-container\">\n\t\t\t\t\t\r\n        \t\t\t<div class=\"row gy-4 mb-4 justify-content-center\">\r\n\t\t\t\t<div class=\"col-lg-6\">\r\n\t\t\t\t\t<div class=\"page-img\">\r\n\t\t\t\t\t\t<img decoding=\"async\" src=\"https:\/\/themeholy.com\/wordpress\/malen\/wp-content\/uploads\/2023\/05\/service_inner_1.jpg\" alt=\"service_inner_1\"  \/>\t\t\t\t\t<\/div>\r\n\t\t\t\t<\/div>\r\n\t\t\t\t<div class=\"col-lg-6\">\r\n\t\t\t\t\t<div class=\"checklist\">\r\n\t\t\t\t\t\t<ul><li><i class=\"fa-sharp fa-solid fa-circle-check\"><\/i>Contamos con una gran variedad de consumibles para su oficina.<\/li><li><i class=\"fa-sharp fa-solid fa-circle-check\"><\/i>Equipos de c\u00f3mputo de gama media y alta.<\/li><li><i class=\"fa-sharp fa-solid fa-circle-check\"><\/i>Muebles de oficina de la mejor calidad y acorde a sus necesidades.<\/li><li><i class=\"fa-sharp fa-solid fa-circle-check\"><\/i>Los mejores art\u00edculos de limpieza para su oficina.<\/li><li><i class=\"fa-sharp fa-solid fa-circle-check\"><\/i>Contamos con una gran variedad de productos alimenticios y de abarrotes.<\/li><\/ul>\t\t\t\t\t<\/div>\r\n\t\t\t\t<\/div>\r\n\t\t\t<\/div>\r\n\r\n\t\t\t\t\t\t<\/div>\n\t\t\t\t<\/div>\n\t\t\t\t<div class=\"elementor-element elementor-element-ba8e812 elementor-widget elementor-widget-malenfaq\" data-id=\"ba8e812\" data-element_type=\"widget\" data-widget_type=\"malenfaq.default\">\n\t\t\t\t<div class=\"elementor-widget-container\">\n\t\t\t\t\t        \t\t<div class=\"accordion-area accordion\" id=\"faqAccordion1\">\r\n\t\t\t            <div class=\"accordion-card\">\r\n            \t                <div class=\"accordion-header\" id=\"collapse-item-69fb165d1b2df\">\r\n                    <button class=\"accordion-button \" type=\"button\" data-bs-toggle=\"collapse\"\r\n                        data-bs-target=\"#collapse-69fb165d1b2df\" aria-expanded=\"true\" aria-controls=\"collapse-69fb165d1b2df\">\u00bfCuentan con servicio de facturaci\u00f3n?<\/button>\r\n                <\/div>\r\n                                                <div id=\"collapse-69fb165d1b2df\" class=\"accordion-collapse collapse show\"\r\n                    aria-labelledby=\"collapse-item-69fb165d1b2df\" data-bs-parent=\"#faqAccordion1\">\r\n                    <div class=\"accordion-body\">\r\n\t\t\t\t\t\t<p>Contamos con servicio de facturaci\u00f3n; su factura swe entrega en un lapso de 24 a 48 horas en d\u00edas h\u00e1biles.<\/p>                    <\/div>\r\n                <\/div>\r\n                            <\/div>\r\n                        <div class=\"accordion-card\">\r\n            \t                <div class=\"accordion-header\" id=\"collapse-item-69fb165d1b323\">\r\n                    <button class=\"accordion-button collapsed\" type=\"button\" data-bs-toggle=\"collapse\"\r\n                        data-bs-target=\"#collapse-69fb165d1b323\" aria-expanded=\"false\" aria-controls=\"collapse-69fb165d1b323\">\u00bfEntregan los suministros en oficina o hay que recogerlos?<\/button>\r\n                <\/div>\r\n                                                <div id=\"collapse-69fb165d1b323\" class=\"accordion-collapse collapse \"\r\n                    aria-labelledby=\"collapse-item-69fb165d1b323\" data-bs-parent=\"#faqAccordion1\">\r\n                    <div class=\"accordion-body\">\r\n\t\t\t\t\t\t<p>Ofrecemos a nuestros clientes la entrega de los suministros en su negocio.<\/p>                    <\/div>\r\n                <\/div>\r\n                            <\/div>\r\n                        <div class=\"accordion-card\">\r\n            \t                <div class=\"accordion-header\" id=\"collapse-item-69fb165d1b35d\">\r\n                    <button class=\"accordion-button collapsed\" type=\"button\" data-bs-toggle=\"collapse\"\r\n                        data-bs-target=\"#collapse-69fb165d1b35d\" aria-expanded=\"false\" aria-controls=\"collapse-69fb165d1b35d\">En el caso de muebles de oficina y equipos de c\u00f3mputo \u00bfTarda mucho la entrega?<\/button>\r\n                <\/div>\r\n                                                <div id=\"collapse-69fb165d1b35d\" class=\"accordion-collapse collapse \"\r\n                    aria-labelledby=\"collapse-item-69fb165d1b35d\" data-bs-parent=\"#faqAccordion1\">\r\n                    <div class=\"accordion-body\">\r\n\t\t\t\t\t\t<p>De\u00a0 acuerdo al modelo demuebles de oficina y equipo de c\u00f3mputo solicitado se le indica el periodo de espera para su entrega,<br \/><br \/><\/p>                    <\/div>\r\n                <\/div>\r\n                            <\/div>\r\n                    <\/div>\r\n\r\n\t\t\t\t\t\t<\/div>\n\t\t\t\t<\/div>\n\t\t\t\t\t<\/div>\n\t\t<\/div>\n\t\t\t\t\t<\/div>\n\t\t<\/section>\n\t\t\t\t<\/div>\n\t\t","protected":false},"excerpt":{"rendered":"<p>All Services Accessories Engine parts Gadgets Glasses Change Battery Solutions Electronics Equipment Need Help Support +12 (907) 555-010 Nuestros otros servicios Adem\u00e1s de proporcionar\u00a0 mantenimiento preventivo y correctivo a unidades ligeras, pesadas, semipesadas y de caminos en todos sus sistemas, ofrecemos otros servicios para su empresa. SUMINISTRO DE PAPELER\u00cdA Y ABARROTES: Materiales y consumibles para&#8230;<\/p>\n","protected":false},"author":1,"featured_media":0,"parent":0,"menu_order":0,"comment_status":"closed","ping_status":"closed","template":"template-builder.php","meta":{"footnotes":""},"class_list":["post-24","page","type-page","status-publish","hentry"],"yoast_head":"<!-- This site is optimized with the Yoast SEO plugin v26.7 - https:\/\/yoast.com\/wordpress\/plugins\/seo\/ -->\n<title>Suministros - Corma Corporativo<\/title>\n<meta name=\"robots\" content=\"index, follow, max-snippet:-1, max-image-preview:large, max-video-preview:-1\" \/>\n<link rel=\"canonical\" href=\"https:\/\/cormacorporativo.com.mx\/index.php\/suministros\/\" \/>\n<meta property=\"og:locale\" content=\"es_ES\" \/>\n<meta property=\"og:type\" content=\"article\" \/>\n<meta property=\"og:title\" content=\"Suministros - Corma Corporativo\" \/>\n<meta property=\"og:description\" content=\"All Services Accessories Engine parts Gadgets Glasses Change Battery Solutions Electronics Equipment Need Help Support +12 (907) 555-010 Nuestros otros servicios Adem\u00e1s de proporcionar\u00a0 mantenimiento preventivo y correctivo a unidades ligeras, pesadas, semipesadas y de caminos en todos sus sistemas, ofrecemos otros servicios para su empresa. SUMINISTRO DE PAPELER\u00cdA Y ABARROTES: Materiales y consumibles para...\" \/>\n<meta property=\"og:url\" content=\"https:\/\/cormacorporativo.com.mx\/index.php\/suministros\/\" \/>\n<meta property=\"og:site_name\" content=\"Corma Corporativo\" \/>\n<meta property=\"article:modified_time\" content=\"2024-12-09T08:49:19+00:00\" \/>\n<meta property=\"og:image\" content=\"https:\/\/cormacorporativo.com.mx\/wp-content\/uploads\/2023\/05\/service_details-1-1.jpg\" \/>\n\t<meta property=\"og:image:width\" content=\"870\" \/>\n\t<meta property=\"og:image:height\" content=\"450\" \/>\n\t<meta property=\"og:image:type\" content=\"image\/jpeg\" \/>\n<meta name=\"twitter:card\" content=\"summary_large_image\" \/>\n<meta name=\"twitter:label1\" content=\"Tiempo de lectura\" \/>\n\t<meta name=\"twitter:data1\" content=\"2 minutos\" \/>\n<script type=\"application\/ld+json\" class=\"yoast-schema-graph\">{\"@context\":\"https:\/\/schema.org\",\"@graph\":[{\"@type\":\"WebPage\",\"@id\":\"https:\/\/cormacorporativo.com.mx\/index.php\/suministros\/\",\"url\":\"https:\/\/cormacorporativo.com.mx\/index.php\/suministros\/\",\"name\":\"Suministros - Corma Corporativo\",\"isPartOf\":{\"@id\":\"https:\/\/cormacorporativo.com.mx\/#website\"},\"primaryImageOfPage\":{\"@id\":\"https:\/\/cormacorporativo.com.mx\/index.php\/suministros\/#primaryimage\"},\"image\":{\"@id\":\"https:\/\/cormacorporativo.com.mx\/index.php\/suministros\/#primaryimage\"},\"thumbnailUrl\":\"https:\/\/cormacorporativo.com.mx\/wp-content\/uploads\/2023\/05\/service_details-1-1.jpg\",\"datePublished\":\"2023-05-15T01:59:46+00:00\",\"dateModified\":\"2024-12-09T08:49:19+00:00\",\"breadcrumb\":{\"@id\":\"https:\/\/cormacorporativo.com.mx\/index.php\/suministros\/#breadcrumb\"},\"inLanguage\":\"es\",\"potentialAction\":[{\"@type\":\"ReadAction\",\"target\":[\"https:\/\/cormacorporativo.com.mx\/index.php\/suministros\/\"]}]},{\"@type\":\"ImageObject\",\"inLanguage\":\"es\",\"@id\":\"https:\/\/cormacorporativo.com.mx\/index.php\/suministros\/#primaryimage\",\"url\":\"https:\/\/cormacorporativo.com.mx\/wp-content\/uploads\/2023\/05\/service_details-1-1.jpg\",\"contentUrl\":\"https:\/\/cormacorporativo.com.mx\/wp-content\/uploads\/2023\/05\/service_details-1-1.jpg\",\"width\":870,\"height\":450},{\"@type\":\"BreadcrumbList\",\"@id\":\"https:\/\/cormacorporativo.com.mx\/index.php\/suministros\/#breadcrumb\",\"itemListElement\":[{\"@type\":\"ListItem\",\"position\":1,\"name\":\"Portada\",\"item\":\"https:\/\/cormacorporativo.com.mx\/\"},{\"@type\":\"ListItem\",\"position\":2,\"name\":\"Suministros\"}]},{\"@type\":\"WebSite\",\"@id\":\"https:\/\/cormacorporativo.com.mx\/#website\",\"url\":\"https:\/\/cormacorporativo.com.mx\/\",\"name\":\"Corma Corporativo\",\"description\":\"\",\"potentialAction\":[{\"@type\":\"SearchAction\",\"target\":{\"@type\":\"EntryPoint\",\"urlTemplate\":\"https:\/\/cormacorporativo.com.mx\/?s={search_term_string}\"},\"query-input\":{\"@type\":\"PropertyValueSpecification\",\"valueRequired\":true,\"valueName\":\"search_term_string\"}}],\"inLanguage\":\"es\"}]}<\/script>\n<!-- \/ Yoast SEO plugin. -->","yoast_head_json":{"title":"Suministros - Corma Corporativo","robots":{"index":"index","follow":"follow","max-snippet":"max-snippet:-1","max-image-preview":"max-image-preview:large","max-video-preview":"max-video-preview:-1"},"canonical":"https:\/\/cormacorporativo.com.mx\/index.php\/suministros\/","og_locale":"es_ES","og_type":"article","og_title":"Suministros - Corma Corporativo","og_description":"All Services Accessories Engine parts Gadgets Glasses Change Battery Solutions Electronics Equipment Need Help Support +12 (907) 555-010 Nuestros otros servicios Adem\u00e1s de proporcionar\u00a0 mantenimiento preventivo y correctivo a unidades ligeras, pesadas, semipesadas y de caminos en todos sus sistemas, ofrecemos otros servicios para su empresa. SUMINISTRO DE PAPELER\u00cdA Y ABARROTES: Materiales y consumibles para...","og_url":"https:\/\/cormacorporativo.com.mx\/index.php\/suministros\/","og_site_name":"Corma Corporativo","article_modified_time":"2024-12-09T08:49:19+00:00","og_image":[{"width":870,"height":450,"url":"https:\/\/cormacorporativo.com.mx\/wp-content\/uploads\/2023\/05\/service_details-1-1.jpg","type":"image\/jpeg"}],"twitter_card":"summary_large_image","twitter_misc":{"Tiempo de lectura":"2 minutos"},"schema":{"@context":"https:\/\/schema.org","@graph":[{"@type":"WebPage","@id":"https:\/\/cormacorporativo.com.mx\/index.php\/suministros\/","url":"https:\/\/cormacorporativo.com.mx\/index.php\/suministros\/","name":"Suministros - Corma Corporativo","isPartOf":{"@id":"https:\/\/cormacorporativo.com.mx\/#website"},"primaryImageOfPage":{"@id":"https:\/\/cormacorporativo.com.mx\/index.php\/suministros\/#primaryimage"},"image":{"@id":"https:\/\/cormacorporativo.com.mx\/index.php\/suministros\/#primaryimage"},"thumbnailUrl":"https:\/\/cormacorporativo.com.mx\/wp-content\/uploads\/2023\/05\/service_details-1-1.jpg","datePublished":"2023-05-15T01:59:46+00:00","dateModified":"2024-12-09T08:49:19+00:00","breadcrumb":{"@id":"https:\/\/cormacorporativo.com.mx\/index.php\/suministros\/#breadcrumb"},"inLanguage":"es","potentialAction":[{"@type":"ReadAction","target":["https:\/\/cormacorporativo.com.mx\/index.php\/suministros\/"]}]},{"@type":"ImageObject","inLanguage":"es","@id":"https:\/\/cormacorporativo.com.mx\/index.php\/suministros\/#primaryimage","url":"https:\/\/cormacorporativo.com.mx\/wp-content\/uploads\/2023\/05\/service_details-1-1.jpg","contentUrl":"https:\/\/cormacorporativo.com.mx\/wp-content\/uploads\/2023\/05\/service_details-1-1.jpg","width":870,"height":450},{"@type":"BreadcrumbList","@id":"https:\/\/cormacorporativo.com.mx\/index.php\/suministros\/#breadcrumb","itemListElement":[{"@type":"ListItem","position":1,"name":"Portada","item":"https:\/\/cormacorporativo.com.mx\/"},{"@type":"ListItem","position":2,"name":"Suministros"}]},{"@type":"WebSite","@id":"https:\/\/cormacorporativo.com.mx\/#website","url":"https:\/\/cormacorporativo.com.mx\/","name":"Corma Corporativo","description":"","potentialAction":[{"@type":"SearchAction","target":{"@type":"EntryPoint","urlTemplate":"https:\/\/cormacorporativo.com.mx\/?s={search_term_string}"},"query-input":{"@type":"PropertyValueSpecification","valueRequired":true,"valueName":"search_term_string"}}],"inLanguage":"es"}]}},"_links":{"self":[{"href":"https:\/\/cormacorporativo.com.mx\/index.php\/wp-json\/wp\/v2\/pages\/24","targetHints":{"allow":["GET"]}}],"collection":[{"href":"https:\/\/cormacorporativo.com.mx\/index.php\/wp-json\/wp\/v2\/pages"}],"about":[{"href":"https:\/\/cormacorporativo.com.mx\/index.php\/wp-json\/wp\/v2\/types\/page"}],"author":[{"embeddable":true,"href":"https:\/\/cormacorporativo.com.mx\/index.php\/wp-json\/wp\/v2\/users\/1"}],"replies":[{"embeddable":true,"href":"https:\/\/cormacorporativo.com.mx\/index.php\/wp-json\/wp\/v2\/comments?post=24"}],"version-history":[{"count":20,"href":"https:\/\/cormacorporativo.com.mx\/index.php\/wp-json\/wp\/v2\/pages\/24\/revisions"}],"predecessor-version":[{"id":5173,"href":"https:\/\/cormacorporativo.com.mx\/index.php\/wp-json\/wp\/v2\/pages\/24\/revisions\/5173"}],"wp:attachment":[{"href":"https:\/\/cormacorporativo.com.mx\/index.php\/wp-json\/wp\/v2\/media?parent=24"}],"curies":[{"name":"wp","href":"https:\/\/api.w.org\/{rel}","templated":true}]}}