{"id":28,"date":"2023-05-15T02:00:44","date_gmt":"2023-05-15T02:00:44","guid":{"rendered":"https:\/\/themeholy.com\/wordpress\/malen\/?page_id=28"},"modified":"2024-12-09T18:06:48","modified_gmt":"2024-12-09T18:06:48","slug":"contacto","status":"publish","type":"page","link":"https:\/\/cormacorporativo.com.mx\/index.php\/contacto\/","title":{"rendered":"Contacto"},"content":{"rendered":"\t\t<div data-elementor-type=\"wp-page\" data-elementor-id=\"28\" class=\"elementor elementor-28\" data-elementor-post-type=\"page\">\n\t\t\t\t\t\t<section class=\"elementor-section elementor-top-section elementor-element elementor-element-c2a27a0 elementor-reverse-tablet elementor-reverse-mobile elementor-section-boxed elementor-section-height-default elementor-section-height-default\" data-id=\"c2a27a0\" data-element_type=\"section\" data-settings=\"{&quot;background_background&quot;:&quot;classic&quot;}\">\n\t\t\t\t\t\t<div class=\"elementor-container elementor-column-gap-no\">\n\t\t\t\t\t<div class=\"elementor-column elementor-col-50 elementor-top-column elementor-element elementor-element-83ae8ae\" data-id=\"83ae8ae\" data-element_type=\"column\">\n\t\t\t<div class=\"elementor-widget-wrap elementor-element-populated\">\n\t\t\t\t\r\n\t\t<div class=\"elementor-element elementor-element-e64ba17 elementor-widget elementor-widget-malensectiontitle\" data-id=\"e64ba17\" data-element_type=\"widget\" data-widget_type=\"malensectiontitle.default\">\n\t\t\t\t<div class=\"elementor-widget-container\">\n\t\t\t\t\t\t\t<div class=\"title-area text-\">\r\n\t\t\t\r\n\t\t\t<span class=\"sub-title th-sub\">\u00bfM\u00e1s informaci\u00f3n?<\/span><h2 class=\"sec-title th-title\">Cont\u00e1ctanos<\/h2><p class=\"th-desc\">Ponemos a tu disposici\u00f3n tel\u00e9fono, correo y direcci\u00f3n para que te comuniques con nosotros o nos vis\u00edtes.<\/p>\t\t<\/div>\r\n\r\n\t\t\t\t\t<\/div>\n\t\t\t\t<\/div>\n\t\t\t\t<div class=\"elementor-element elementor-element-9dca921 elementor-widget elementor-widget-malencontactinfo\" data-id=\"9dca921\" data-element_type=\"widget\" data-widget_type=\"malencontactinfo.default\">\n\t\t\t\t<div class=\"elementor-widget-container\">\n\t\t\t\t\t        \t\t\t<div class=\"th-widget-contact style2\">\r\n\t\t\t\t<div class=\"info-box\">\r\n\t\t\t\t\t<div class=\"info-box_icon th-icon\">\r\n\t\t\t\t\t\t<i class=\"fa-light fa-clock\"><\/i>\t\t\t\t\t<\/div>\r\n\t\t\t\t\t<p class=\"info-box_text\">\r\n\t\t\t\t\t\t<span class=\"info-box_label th-label\">Horario de atenci\u00f3n:<\/span>\r\n\t\t\t\t\t\t<span class=\"th-content\">\r\n\t\t\t\t\t\t\tLunes a viernes de 07:00 a 19:00 horas; s\u00e1bados de 07:00 a 14:00 horas.\t\t\t\t\t\t<\/span>\r\n\t\t\t\t\t<\/p>\r\n\t\t\t\t<\/div>\r\n\t\t\t\t<div class=\"info-box\">\r\n\t\t\t\t\t<div class=\"info-box_icon th-icon\">\r\n\t\t\t\t\t\t<i class=\"fa-sharp fa-light fa-phone\"><\/i>\t\t\t\t\t<\/div>\r\n\t\t\t\t\t<p class=\"info-box_text\">\r\n\t\t\t\t\t\t<span class=\"info-box_label th-label\">Tel\u00e9fono:<\/span>\r\n\t\t\t\t\t\t<a class=\"info-box_link th-content\" href=\"tel:9331163827\">933 116 3827<\/a>\r\n\t\t\t\t\t<\/p>\r\n\t\t\t\t<\/div>\r\n\t\t\t\t<div class=\"info-box\">\r\n\t\t\t\t\t<div class=\"info-box_icon th-icon\">\r\n\t\t\t\t\t\t<i class=\"fa-regular fa-envelope-open\"><\/i>\t\t\t\t\t<\/div>\r\n\t\t\t\t\t<p class=\"info-box_text\">\r\n\t\t\t\t\t\t<span class=\"info-box_label th-label\">Escr\u00edbenos:<\/span>\r\n\t\t\t\t\t\t<a class=\"info-box_link th-content\" href=\"mailto:contacto@cormacorporativo.com.mx\">contacto@cormacorporativo.com.mx<\/a>\r\n\t\t\t\t\t<\/p>\r\n\t\t\t\t<\/div>\r\n\t\t\t<\/div>\r\n\r\n        \t\t\t\t<\/div>\n\t\t\t\t<\/div>\n\t\t\t\t\t<\/div>\n\t\t<\/div>\n\t\t\t\t<div class=\"elementor-column elementor-col-50 elementor-top-column elementor-element elementor-element-ecd7c1e\" data-id=\"ecd7c1e\" data-element_type=\"column\">\n\t\t\t<div class=\"elementor-widget-wrap elementor-element-populated\">\n\t\t\t\t\t\t<div class=\"elementor-element elementor-element-22b47a1 elementor-widget elementor-widget-malencontactform\" data-id=\"22b47a1\" data-element_type=\"widget\" data-widget_type=\"malencontactform.default\">\n\t\t\t\t<div class=\"elementor-widget-container\">\n\t\t\t\t\t\t\t\t\t\t<div class=\"contact-form-wrapper th-bg\">\r\n\t\t\t\t<div class=\"contact-form ajax-contact\">\r\n\t\t\t\t\t\t\t\t\t\t\t<h2 class=\"form-title th-title\">Escr\u00edbenos<\/h2>\r\n\t\t\t\t\t\t\t\t\t\t[contact-form-7  id=\"1348\"]\t\t\t\t<\/div>\r\n\t\t\t<\/div>\r\n\r\n\t\t\t\t\t\t<\/div>\n\t\t\t\t<\/div>\n\t\t\t\t\t<\/div>\n\t\t<\/div>\n\t\t\t\t\t<\/div>\n\t\t<\/section>\n\t\t\t\t<section class=\"elementor-section elementor-top-section elementor-element elementor-element-01ae3d2 elementor-section-boxed elementor-section-height-default elementor-section-height-default\" data-id=\"01ae3d2\" data-element_type=\"section\">\n\t\t\t\t\t\t<div class=\"elementor-container elementor-column-gap-no\">\n\t\t\t\t\t<div class=\"elementor-column elementor-col-100 elementor-top-column elementor-element elementor-element-1e1c56d\" data-id=\"1e1c56d\" data-element_type=\"column\">\n\t\t\t<div class=\"elementor-widget-wrap elementor-element-populated\">\n\t\t\t\t\t\t<div class=\"elementor-element elementor-element-415b8a0 elementor-widget elementor-widget-google_maps\" data-id=\"415b8a0\" data-element_type=\"widget\" data-widget_type=\"google_maps.default\">\n\t\t\t\t<div class=\"elementor-widget-container\">\n\t\t\t\t\t\t\t<div class=\"elementor-custom-embed\">\n\t\t\t<iframe loading=\"lazy\"\n\t\t\t\t\tsrc=\"https:\/\/maps.google.com\/maps?q=Rancher%C3%ADa%20El%20Escribano%20S%2FN%2C%20CP.%2086600%2C%20Para%C3%ADso%2C%20Tabasco.&#038;t=m&#038;z=14&#038;output=embed&#038;iwloc=near\"\n\t\t\t\t\ttitle=\"Rancher\u00eda El Escribano S\/N, CP. 86600, Para\u00edso, Tabasco.\"\n\t\t\t\t\taria-label=\"Rancher\u00eda El Escribano S\/N, CP. 86600, Para\u00edso, Tabasco.\"\n\t\t\t><\/iframe>\n\t\t<\/div>\n\t\t\t\t\t\t<\/div>\n\t\t\t\t<\/div>\n\t\t\t\t\t<\/div>\n\t\t<\/div>\n\t\t\t\t\t<\/div>\n\t\t<\/section>\n\t\t\t\t<\/div>\n\t\t","protected":false},"excerpt":{"rendered":"<p>\u00bfM\u00e1s informaci\u00f3n? Cont\u00e1ctanos Ponemos a tu disposici\u00f3n tel\u00e9fono, correo y direcci\u00f3n para que te comuniques con nosotros o nos vis\u00edtes. Horario de atenci\u00f3n: Lunes a viernes de 07:00 a 19:00 horas; s\u00e1bados de 07:00 a 14:00 horas. Tel\u00e9fono: 933 116 3827 Escr\u00edbenos: contacto@cormacorporativo.com.mx Escr\u00edbenos SeleccioneProblema el\u00e9ctricoProblema electr\u00f3nicoProblema mec\u00e1nicoOtro Enviar ahora<\/p>\n","protected":false},"author":1,"featured_media":0,"parent":0,"menu_order":0,"comment_status":"closed","ping_status":"closed","template":"template-builder.php","meta":{"footnotes":""},"class_list":["post-28","page","type-page","status-publish","hentry"],"yoast_head":"<!-- This site is optimized with the Yoast SEO plugin v26.7 - https:\/\/yoast.com\/wordpress\/plugins\/seo\/ -->\n<title>Contacto - Corma Corporativo<\/title>\n<meta name=\"robots\" content=\"index, follow, max-snippet:-1, max-image-preview:large, max-video-preview:-1\" \/>\n<link rel=\"canonical\" href=\"https:\/\/cormacorporativo.com.mx\/index.php\/contacto\/\" \/>\n<meta property=\"og:locale\" content=\"es_ES\" \/>\n<meta property=\"og:type\" content=\"article\" \/>\n<meta property=\"og:title\" content=\"Contacto - Corma Corporativo\" \/>\n<meta property=\"og:description\" content=\"\u00bfM\u00e1s informaci\u00f3n? Cont\u00e1ctanos Ponemos a tu disposici\u00f3n tel\u00e9fono, correo y direcci\u00f3n para que te comuniques con nosotros o nos vis\u00edtes. Horario de atenci\u00f3n: Lunes a viernes de 07:00 a 19:00 horas; s\u00e1bados de 07:00 a 14:00 horas. Tel\u00e9fono: 933 116 3827 Escr\u00edbenos: contacto@cormacorporativo.com.mx Escr\u00edbenos SeleccioneProblema el\u00e9ctricoProblema electr\u00f3nicoProblema mec\u00e1nicoOtro Enviar ahora\" \/>\n<meta property=\"og:url\" content=\"https:\/\/cormacorporativo.com.mx\/index.php\/contacto\/\" \/>\n<meta property=\"og:site_name\" content=\"Corma Corporativo\" \/>\n<meta property=\"article:modified_time\" content=\"2024-12-09T18:06:48+00:00\" \/>\n<meta name=\"twitter:card\" content=\"summary_large_image\" \/>\n<meta name=\"twitter:label1\" content=\"Tiempo de lectura\" \/>\n\t<meta name=\"twitter:data1\" content=\"1 minuto\" \/>\n<script type=\"application\/ld+json\" class=\"yoast-schema-graph\">{\"@context\":\"https:\/\/schema.org\",\"@graph\":[{\"@type\":\"WebPage\",\"@id\":\"https:\/\/cormacorporativo.com.mx\/index.php\/contacto\/\",\"url\":\"https:\/\/cormacorporativo.com.mx\/index.php\/contacto\/\",\"name\":\"Contacto - Corma Corporativo\",\"isPartOf\":{\"@id\":\"https:\/\/cormacorporativo.com.mx\/#website\"},\"datePublished\":\"2023-05-15T02:00:44+00:00\",\"dateModified\":\"2024-12-09T18:06:48+00:00\",\"breadcrumb\":{\"@id\":\"https:\/\/cormacorporativo.com.mx\/index.php\/contacto\/#breadcrumb\"},\"inLanguage\":\"es\",\"potentialAction\":[{\"@type\":\"ReadAction\",\"target\":[\"https:\/\/cormacorporativo.com.mx\/index.php\/contacto\/\"]}]},{\"@type\":\"BreadcrumbList\",\"@id\":\"https:\/\/cormacorporativo.com.mx\/index.php\/contacto\/#breadcrumb\",\"itemListElement\":[{\"@type\":\"ListItem\",\"position\":1,\"name\":\"Portada\",\"item\":\"https:\/\/cormacorporativo.com.mx\/\"},{\"@type\":\"ListItem\",\"position\":2,\"name\":\"Contacto\"}]},{\"@type\":\"WebSite\",\"@id\":\"https:\/\/cormacorporativo.com.mx\/#website\",\"url\":\"https:\/\/cormacorporativo.com.mx\/\",\"name\":\"Corma Corporativo\",\"description\":\"\",\"potentialAction\":[{\"@type\":\"SearchAction\",\"target\":{\"@type\":\"EntryPoint\",\"urlTemplate\":\"https:\/\/cormacorporativo.com.mx\/?s={search_term_string}\"},\"query-input\":{\"@type\":\"PropertyValueSpecification\",\"valueRequired\":true,\"valueName\":\"search_term_string\"}}],\"inLanguage\":\"es\"}]}<\/script>\n<!-- \/ Yoast SEO plugin. -->","yoast_head_json":{"title":"Contacto - Corma Corporativo","robots":{"index":"index","follow":"follow","max-snippet":"max-snippet:-1","max-image-preview":"max-image-preview:large","max-video-preview":"max-video-preview:-1"},"canonical":"https:\/\/cormacorporativo.com.mx\/index.php\/contacto\/","og_locale":"es_ES","og_type":"article","og_title":"Contacto - Corma Corporativo","og_description":"\u00bfM\u00e1s informaci\u00f3n? Cont\u00e1ctanos Ponemos a tu disposici\u00f3n tel\u00e9fono, correo y direcci\u00f3n para que te comuniques con nosotros o nos vis\u00edtes. Horario de atenci\u00f3n: Lunes a viernes de 07:00 a 19:00 horas; s\u00e1bados de 07:00 a 14:00 horas. Tel\u00e9fono: 933 116 3827 Escr\u00edbenos: contacto@cormacorporativo.com.mx Escr\u00edbenos SeleccioneProblema el\u00e9ctricoProblema electr\u00f3nicoProblema mec\u00e1nicoOtro Enviar ahora","og_url":"https:\/\/cormacorporativo.com.mx\/index.php\/contacto\/","og_site_name":"Corma Corporativo","article_modified_time":"2024-12-09T18:06:48+00:00","twitter_card":"summary_large_image","twitter_misc":{"Tiempo de lectura":"1 minuto"},"schema":{"@context":"https:\/\/schema.org","@graph":[{"@type":"WebPage","@id":"https:\/\/cormacorporativo.com.mx\/index.php\/contacto\/","url":"https:\/\/cormacorporativo.com.mx\/index.php\/contacto\/","name":"Contacto - Corma Corporativo","isPartOf":{"@id":"https:\/\/cormacorporativo.com.mx\/#website"},"datePublished":"2023-05-15T02:00:44+00:00","dateModified":"2024-12-09T18:06:48+00:00","breadcrumb":{"@id":"https:\/\/cormacorporativo.com.mx\/index.php\/contacto\/#breadcrumb"},"inLanguage":"es","potentialAction":[{"@type":"ReadAction","target":["https:\/\/cormacorporativo.com.mx\/index.php\/contacto\/"]}]},{"@type":"BreadcrumbList","@id":"https:\/\/cormacorporativo.com.mx\/index.php\/contacto\/#breadcrumb","itemListElement":[{"@type":"ListItem","position":1,"name":"Portada","item":"https:\/\/cormacorporativo.com.mx\/"},{"@type":"ListItem","position":2,"name":"Contacto"}]},{"@type":"WebSite","@id":"https:\/\/cormacorporativo.com.mx\/#website","url":"https:\/\/cormacorporativo.com.mx\/","name":"Corma Corporativo","description":"","potentialAction":[{"@type":"SearchAction","target":{"@type":"EntryPoint","urlTemplate":"https:\/\/cormacorporativo.com.mx\/?s={search_term_string}"},"query-input":{"@type":"PropertyValueSpecification","valueRequired":true,"valueName":"search_term_string"}}],"inLanguage":"es"}]}},"_links":{"self":[{"href":"https:\/\/cormacorporativo.com.mx\/index.php\/wp-json\/wp\/v2\/pages\/28","targetHints":{"allow":["GET"]}}],"collection":[{"href":"https:\/\/cormacorporativo.com.mx\/index.php\/wp-json\/wp\/v2\/pages"}],"about":[{"href":"https:\/\/cormacorporativo.com.mx\/index.php\/wp-json\/wp\/v2\/types\/page"}],"author":[{"embeddable":true,"href":"https:\/\/cormacorporativo.com.mx\/index.php\/wp-json\/wp\/v2\/users\/1"}],"replies":[{"embeddable":true,"href":"https:\/\/cormacorporativo.com.mx\/index.php\/wp-json\/wp\/v2\/comments?post=28"}],"version-history":[{"count":22,"href":"https:\/\/cormacorporativo.com.mx\/index.php\/wp-json\/wp\/v2\/pages\/28\/revisions"}],"predecessor-version":[{"id":5249,"href":"https:\/\/cormacorporativo.com.mx\/index.php\/wp-json\/wp\/v2\/pages\/28\/revisions\/5249"}],"wp:attachment":[{"href":"https:\/\/cormacorporativo.com.mx\/index.php\/wp-json\/wp\/v2\/media?parent=28"}],"curies":[{"name":"wp","href":"https:\/\/api.w.org\/{rel}","templated":true}]}}