{"id":5236,"date":"2024-12-09T17:02:54","date_gmt":"2024-12-09T17:02:54","guid":{"rendered":"https:\/\/cormacorporativo.com.mx\/?page_id=5236"},"modified":"2024-12-09T18:03:04","modified_gmt":"2024-12-09T18:03:04","slug":"aviso-de-privacidad","status":"publish","type":"page","link":"https:\/\/cormacorporativo.com.mx\/index.php\/aviso-de-privacidad\/","title":{"rendered":"Aviso de Privacidad"},"content":{"rendered":"\n<p>AVISO DE PRIVACIDAD<br>En cumplimiento a la Ley Federal de Protecci\u00f3n de Datos Personales en Posesi\u00f3n de Particulares, su Reglamento y dem\u00e1s disposiciones aplicables, ponemos a disposici\u00f3n de los titulares de datos personales, el siguiente:<br>AVISO DE PRIVACIDAD<\/p>\n\n\n\n<p>Identidad del Responsable.<br>CORMA CORPORATIVO con domicilio en Rancher\u00eda El Escribano S\/N, CP. 86600, Para\u00edso, Tabasco., Tel. (52) 993 106 5253, es responsable del tratamiento de los datos personales que nos proporcione.<br>Usted puede consultar en cualquier momento el presente Aviso de Privacidad en la p\u00e1gina de<br>internet: https:\/\/www.cormacorporativo.com.mx. CORMA CORPORATIVO se toma muy en serio la privacidad de aquellos que solicitan sus servicios y\/o apoyos (\u201cUsted\u201d) al ser responsable de su uso, manejo y confidencialidad; en tal virtud, es importante informarle que los datos personales que recabamos sobre Usted son necesarios para verificar y confirmar su identidad; prestar los servicios y\/o apoyos que solicita o contrata con nosotros, as\u00ed como para cumplir con las obligaciones derivadas de la relaci\u00f3n jur\u00eddica o de prestaci\u00f3n de servicios entre Usted como titular de los datos personales y CORMA CORPORATIVO.<br>Asimismo, CORMA es una persona moral comprometida con la protecci\u00f3n de sus datos personales, al ser responsable de su uso, manejo y confidencialidad; en tal virtud, es importante informarle que los datos personales que recabamos sobre Usted son necesarios para verificar y confirmar su identidad, as\u00ed como para cumplir con las obligaciones derivadas de la relaci\u00f3n jur\u00eddica existente entre Usted como titular de los datos personales y CORMA CORPORATIVO, por ello, los datos personales que nos sean proporcionados, incluyendo los sensibles, que actualmente o en el futuro obren en nuestra posesi\u00f3n, ser\u00e1n manejados, tratados y\/o utilizados bajo los principios de licitud, consentimiento, calidad, informaci\u00f3n, proporcionalidad y responsabilidad, comprometi\u00e9ndonos a observar y cumplir los citados principios, as\u00ed como a no vender, alquilar, compartir o divulgar su informaci\u00f3n personal con fines il\u00edcitos o contrarios a los fines para lo cual fueron proporcionados, salvo los casos excepcionales se\u00f1alados en la Ley Federal de Protecci\u00f3n de Datos Personales en Posesi\u00f3n de Particulares y su respectivo Reglamento.<\/p>\n\n\n\n<p>Datos Personales que recabamos.<br>CORMA CORPORATIVO recabar\u00e1 de usted los Datos Personales, (cualquier informaci\u00f3n concerniente a una persona f\u00edsica identificada o identificable), en adelante \u201cDatos Personales\u201d que sean necesarios para la adecuada asistencia de los servicios y\/o apoyos que prestamos, as\u00ed como para el mantenimiento de la relaci\u00f3n jur\u00eddica existente, tales como:<br>Datos de Identificaci\u00f3n: (i) Nombre, (ii) domicilio, (iii) tel\u00e9fonos, (iv) tel\u00e9fono celular, (v)<br>edad, (vi) fecha de nacimiento, (vii) lugar de nacimiento, (viii) g\u00e9nero, (xi) Registro Federal<br>de Contribuyentes (RFC), (x) Clave \u00danica de Registro de Poblaci\u00f3n (CURP), (xi) correo<br>electr\u00f3nico, (xii) n\u00famero o folio de identificaci\u00f3n oficial, (xiii) nombre de asegurado titular,<br>(xiv) nombre del afectado, (xv) nombre del beneficiario, (xvi) datos acad\u00e9micos, (xvii)<br>ocupaci\u00f3n o puesto de trabajo, (xviii) n\u00famero de identificaci\u00f3n oficial, (xix) datos de<br>identificaci\u00f3n y autenticaci\u00f3n, (xx) datos de car\u00e1cter biom\u00e9trico, (xxi) datos de contacto,<br>(xxii) datos demogr\u00e1ficos, (xxiii) datos de ubicaci\u00f3n, (xxiv) consumo en relaci\u00f3n con nuestros<br>productos y servicios, (xxv) informaci\u00f3n t\u00e9cnica, (xxvi) en caso de tratarse de Extranjeros:<br>Datos de tr\u00e1nsito, migratorios, pa\u00eds de origen y domicilio de pa\u00eds de origen, (xxvii) datos sobre<br>procedimientos administrativos seguidos en forma de juicio y\/o jurisdiccionales (xxviii)<br>referencias personales, (xxix) fotograf\u00edas, (xxx) acad\u00e9micos y (xxxi) datos laborales.<\/p>\n\n\n\n<p>Datos Financieros o Patrimoniales: (i) N\u00famero y tipo de cuenta bancaria, (ii) Banco y sus<br>clabes interbancarias, (iii) saldos en cuenta bancaria, (iv) n\u00famero de sucursal y n\u00famero de<br>plaza, (v) datos fiscales, (vi) datos de propiedades asegurables, (vii) nivel de ingreso, etc. Datos Sensibles: aquellos datos que pueden revelar aspectos como origen racial o \u00e9tnico,<br>estado de salud presente y futuro, informaci\u00f3n gen\u00e9tica, creencias religiosas, filos\u00f3ficas y<br>morales.<br>Cualquier otro que sea necesario para verificar y confirmar su identidad; administrar y operar los servicio y\/o apoyos s que solicita con nosotros, asi como para cumplir con las obligaciones derivadas de la relacion juridica existente. Los Datos Personales y Datos Personales Sensibles, recabados o que se recaben y\/o se generen para los fines de la relaci\u00f3n jur\u00eddica que se tenga celebrada o se celebre ser\u00e1n utilizados \u00fanicamente para cumplir el objeto de dicha relaci\u00f3n jur\u00eddica, en total apego con lo dispuesto en este Aviso de Privacidad.<br>Los datos anteriores se pueden obtener a partir de la informaci\u00f3n que su titular nos proporcione de manera personal, o bien, directamente del titular por cualquier medio electr\u00f3nico, \u00f3ptico, sonoro, visual, o a trav\u00e9s de cualquier otra tecnolog\u00eda, obteniendo su consentimiento expreso, por escrito, v\u00eda electr\u00f3nica y\/o cualquier otro medio de autenticaci\u00f3n, para recabarlos, tratarlos y\/o transferirlos en t\u00e9rminos de la Ley de Datos<br>Personales.<\/p>\n\n\n\n<ol start=\"7\" class=\"wp-block-list\">\n<li>Obtenci\u00f3n de los datos personales.<br>Se obtienen a partir de la informaci\u00f3n que su titular nos proporcione de manera personal, o bien, directamente del titular por cualquier medio electr\u00f3nico, \u00f3ptico, sonoro, visual, o a trav\u00e9s de cualquier otra tecnolog\u00eda.<br>Asimismo, los podr\u00e1 obtener por cualquiera de los formatos institucionales, recabados por medios f\u00edsicos y\/o electr\u00f3nicos, llamadas telef\u00f3nicas, video llamadas, correo, p\u00e1gina web o aplicaciones m\u00f3viles (apps). Tambi\u00e9n se podr\u00e1n recabar de manera indirecta, mediante trasferencias que se realicen por conducto de personas f\u00edsicas o morales autorizadas.<br>En caso de que los datos personales se refieran a personas f\u00edsicas distintas al contratante, \u00e9ste garantiza haber recabado y contar con el consentimiento previo de los mismos para la<br>comunicaci\u00f3n de sus datos y haberles informado con car\u00e1cter previo a la transmisi\u00f3n de sus datos, de las finalidades del tratamiento, previstos en el presente Aviso de Privacidad. Los datos personales sensibles y financieros que se proporcionen, ser\u00e1n tratados y resguardados con un alto est\u00e1ndar de seguridad y estricta confidencialidad<\/li>\n<\/ol>\n\n\n\n<p>ACEPTACI\u00d3N DE LOST\u00c9RMINOS Y CONDICIONES Y AUTORIZACI\u00d3N PARA RECABAR DATOS<br>PERSONALES.<br>Al utilizar el servicio est\u00e1 aceptando lo dispuesto por este aviso de privacidad y autoriza de manera expresa su consentimiento para que sean recabados los datos personales que ha mencionado a fin de hacer uso de nuestros servicios y\/o apoyos y para mantener la relaci\u00f3n que exista, utilizando para tal efecto, en caso de que resulte aplicable medios sonoros, electr\u00f3nicos, \u00f3pticos, visuales, o a trav\u00e9s de cualquier otra tecnolog\u00eda, en t\u00e9rminos de lo dispuesto por el art\u00edculo 17 de la Ley Federal de Protecci\u00f3n de Datos Personales en Posesi\u00f3n de Particulares y art\u00edculo 18 del Reglamento de la Ley Federal de Protecci\u00f3n de Datos Personales en Posesi\u00f3n de Particulares. En caso de no aceptar en forma absoluta y completa los t\u00e9rminos y condiciones de este convenio, deber\u00e1 abstenerse de brindar informaci\u00f3n y\/o pedir los servicios y\/o apoyos de CORMA CORPORATIVO.<br>Al firmar el presente aviso de privacidad, expresamente est\u00e1 manifestando que quiere recibir los servicios y\/o apoyos e implica la aceptaci\u00f3n, plena e incondicional, de todas y cada una de las condiciones generales y particulares incluidas en este aviso de privacidad.<br>Uso de sus Datos Personales.<br>Los Datos Personales que nos proporcione ser\u00e1n utilizados para (i) facilitarle los servicios y\/o apoyos que ofrece CORMA CORPORATIVO, (ii) Elaborar informes estad\u00edsticos y financieros; (iii) Mejorar los servicios y\/o apoyo que brinda CORMA CORPORATIVO; (iv) Hacer consultas, investigaciones, estudios, revisiones y an\u00e1lisis en relaci\u00f3n a sus quejas, inquietudes, y\/o reclamaciones; (v) Contactarlo para cualquier tema relacionado a los servicios que le brindemos; (vi) Contactarlo para cualquier tema relacionado A analizar los riesgos y las circunstancias que en determinado momento se puedan llegar a producir ante cualquier<br>contingencia; (vii) dar cumplimiento a obligaciones, (viii) contacto, (ix) documentar las relaciones, y, (x) en general, para dar cumplimiento al objeto de nuestra Asociaci\u00f3n, as\u00ed como evaluar la calidad de los servicios y ayuda que se prestan. Utilizamos Informaci\u00f3n personal general recopilada directamente durante cualquier proceso de registro y mediante &#8220;cookies&#8221; para que nos ayuden a evaluar y modificar funciones existentes.<br>La informaci\u00f3n personal que recabamos es adem\u00e1s con la finalidad de elaborar los perfiles de las personas que requieren la prestaci\u00f3n de nuestros servicios y\/o apoyos, apoyo y\/o ayuda brindada, y a su vez de las personas que contribuyen con el objeto de CORMA CORPORATIVO, as\u00ed como para analizar los riesgos y las circunstancias que en determinado momento se puedan llegar a producir ante cualquier eventualidad o contingencia, pues dicha informaci\u00f3n nos permitir\u00e1 brindarle un mejor servicio y elevar su calidad.<br>Adem\u00e1s, le informamos que, para cumplir con las finalidades informadas en este Aviso, CORMA CORPORATIVO podr\u00e1 dar tratamiento a datos personales de identificaci\u00f3n y contacto, financieros y patrimoniales<br>de terceros para:<br>\u25cf Validar la informaci\u00f3n proporcionada por usted.<br>\u25cf Paracumplimiento de regulaciones legales aplicables<\/p>\n\n\n\n<p>Al proporcionar esta informaci\u00f3n usted reconoce haber informado a dichos terceros sobre el uso y tratamiento que har\u00e1 de sus datos y haber obtenido de forma previa el consentimiento de estos \u00faltimos cumpliendo con las formalidades legales requeridas para transferir los datos a CORMA CORPORATIVO para que pueda tratarlos para los fines antes se\u00f1alados, de conformidad con el presente aviso de privacidad.<br>CORMA CORPORATIVO no recaba informaci\u00f3n directamente de menores de edad por lo que, de ser necesario, dicha informaci\u00f3n deber\u00e1 ser proporcionada, en su caso, por el padre, tutor y\/o persona con patria potestad. En aquellos casos en los que CORMA CORPORATIVO identifique que un menor de edad ha proporcionado su informaci\u00f3n personal sin el consentimiento de la persona que ejerce su patria potestad o tutela, CORMA CORPORATIVO proceder\u00e1 a la cancelaci\u00f3n de dicha informaci\u00f3n.<\/p>\n\n\n\n<p>Manejo de los datos personales recabados.<br>Los datos personales que nos sean proporcionados, incluyendo los sensibles, que actualmente o en el futuro obren en posesi\u00f3n de nuestra sociedad, ser\u00e1n manejados, tratados y\/o utilizados bajo los principios de licitud, consentimiento, calidad, informaci\u00f3n, proporcionalidad y responsabilidad, comprometi\u00e9ndonos a observar y cumplir los citados principios, as\u00ed como a no vender, alquilar, compartir o divulgar su informaci\u00f3n personal con fines il\u00edcitos o contrarios a los fines para lo cual fueron proporcionados, salvo los casos excepcionales se\u00f1alados en la Ley Federal de Protecci\u00f3n de Datos Personales en Posesi\u00f3n de Particulares y su respectivo Reglamento.<\/p>\n\n\n\n<p>Protecci\u00f3n de los Datos Personales.<br>Para cumplir con las finalidades previstas en el presente aviso, los \u201cDatos Personales\u201d ser\u00e1n recabados y tratados de forma sensible, comprometi\u00e9ndonos a tratarlos bajo estrictas medidas de seguridad, y confidencialidad. Por ello, los Datos Personales que nos sean proporcionados, incluyendo los sensibles, que actualmente o en el futuro obren en posesi\u00f3n de CORMA CORPORATIVO, ser\u00e1n manejados, tratados y\/o utilizados bajo los principios de licitud, consentimiento, calidad, informaci\u00f3n, proporcionalidad y responsabilidad, comprometi\u00e9ndonos a observar y cumplir los citados principios, as\u00ed como a no vender, alquilar, compartir o divulgar su informaci\u00f3n personal con fines il\u00edcitos o contrarios a los fines para lo cual fueron proporcionados, salvo los casos excepcionales se\u00f1alados en la Ley de Datos Personales y su respectivo Reglamento.<br>CORMA CORPORATIVO realizar\u00e1 sus mejores esfuerzos para proteger los Datos Personales y salvaguardar la seguridad en los sistemas utilizados para almacenar los Datos Personales.<br>Sin embargo, CORMA CORPORATIVO no asume ninguna obligaci\u00f3n de mantener confidencial cualquier otra informaci\u00f3n que el titular proporcione de manera adicional a la solicitada, incluyendo aquella informaci\u00f3n que el titular facilite a trav\u00e9s de redes sociales y formularios en el sitio de Internet. Los Datos Personales que nos proporcione son almacenados en servidores alojados en instalaciones seguras.<br>En caso de que no desee que sus Datos Personales sean tratados para los fines antes descritos, Usted puede presentar su solicitud en nuestras oficinas, ello, desde luego, no constituir\u00e1 una negativa para que le neguemos la contrataci\u00f3n de los servicios que brindamos.<br>Finalidades secundarias del tratamiento.<br>CORMA CORPORATIVO tratar\u00e1 sus datos personales para llevar a cabo alguna o todas las finalidades secundarias que se mencionan a continuaci\u00f3n:<br>\u25cf Realizar actividades de mercadotecnia, publicidad y prospecci\u00f3n comercial.<br>\u25cf Remitirle informaci\u00f3n y publicidad.<br>\u25cf Conservar los datos que nos hubiere proporcionado con el fin de contactarlo y darle seguimiento.<br>\u25cf Invitarlo a participar y que pueda participar en promociones, campa\u00f1as, y dem\u00e1s<br>actividades organizadas por CORMA CORPORATIVO o cualquiera de sus afiliadas, subsidiarias, sociedades controladoras, asociadas, comisionistas o sociedades integrantes de CORMA CORPORATIVO o de terceros.<br>\u25cf Realizar an\u00e1lisis estad\u00edstico de generaci\u00f3n de modelos de informaci\u00f3n y\/o perfiles de<br>comportamiento actual y predictivo;<br>\u25cf Realizar tratamientos de t\u00e9cnicas de an\u00e1lisis masivo de datos para actividades de perfilamiento a partir de combinar informaci\u00f3n facilitada por usted, la obtenida de fuentes de acceso p\u00fablico, incluyendo redes sociales, y aquella informaci\u00f3n que se pueda inferir u obtener como resultado de la aplicaci\u00f3n de diversas tecnolog\u00edas de an\u00e1lisis de datos. Lo anterior para contactarle y enviarle informaci\u00f3n de car\u00e1cter publicitario, promocional y\/o informativo que consideramos puede resultar de su inter\u00e9s;<br>\u25cf Generar perfiles y h\u00e1bitos de consumo para que nuestros puedan contactarle y enviarle informaci\u00f3n de car\u00e1cter publicitario, promocional y\/o informativo que consideren de su inter\u00e9s y\/o para que puedan valorar.<br>En caso de que usted haya autorizado el uso de sus datos para las finalidades secundarias se\u00f1aladas, le recordamos que CORMA CORPORATIVO podr\u00e1 tratar sus datos para dichos fines hasta en tanto usted no revoque dicha autorizaci\u00f3n. La negativa para el uso de sus datos personales para fines secundarios, no podr\u00e1 ser un motivo para negarle los servicios y\/o apoyos solicitados o dar por terminada la relaci\u00f3n establecida con nosotros.<br>En caso de que no desee que sus datos personales sean tratados para los fines secundarios descritos con anterioridad, usted podr\u00e1 revocar el consentimiento que nos ha otorgado para el tratamiento de sus datos personales, a fin de que dejemos de hacer uso de los mismos. Para ello, es necesario que presente su petici\u00f3n por escrito a trav\u00e9s del correo a nuestras oficinas que se encuentran en Rancher\u00eda El Escribano S\/N, CP. 86600, Para\u00edso, Tabasco., o v\u00eda correo al correo electr\u00f3nico del Servicio de Atenci\u00f3n a Clientes, cuyo mail es el siguiente mvidal@cormacorporativo.com.mx.<br>Su petici\u00f3n deber\u00e1 ir acompa\u00f1ada de la siguiente informaci\u00f3n: (i) nombre completo, (ii) usuario, (iii) correo electr\u00f3nico, y (iv) tel\u00e9fono de contacto. En un plazo m\u00e1ximo de 10 (diez) d\u00edas atenderemos su petici\u00f3n y le informaremos sobre la procedencia de la misma a trav\u00e9s del correo electr\u00f3nico o tel\u00e9fono de contacto que nos haya notificado.<br>La negativa para el uso de sus datos personales para estas finalidades no podr\u00e1 ser un motivo para que le neguemos los servicios y\/o apoyos que solicita o contrata con nosotros.<br>Revocaci\u00f3n de consentimiento.<br>Usted puede revocar el consentimiento que, en su caso, nos haya otorgado para el tratamiento de sus datos personales. Sin embargo, es importante que tenga en cuenta que no en todos los casos podremos atender su solicitud o concluir el uso de forma inmediata, ya que es posible que por alguna obligaci\u00f3n legal requiramos seguir tratando sus datos personales. En un plazo m\u00e1ximo de 10 (diez) d\u00edas atenderemos su petici\u00f3n y le informaremos sobre la procedencia de la misma a trav\u00e9s del correo electr\u00f3nico o tel\u00e9fono de contacto que nos haya notificado.<\/p>\n\n\n\n<p>Medios para Ejercer los Derechos de Acceso, Rectificaci\u00f3n, Cancelaci\u00f3n u Oposici\u00f3n.<br>\u201cDerechos ARCO\u201d.<br>Los \u201cDerechos ARCO\u201d se refieren a que Usted de conformidad con la legislaci\u00f3n aplicable, tendr\u00e1 derecho de acceder a sus Datos Personales que poseemos y al detalle del tratamiento de los mismos; as\u00ed como a rectificarlos cuando sean inexactos o se encuentren incompletos, debiendo solicitar su correcci\u00f3n, se\u00f1alando con toda precisi\u00f3n de qu\u00e9 datos se trata y debiendo adjuntar la documentaci\u00f3n que acredite o ampare la modificaci\u00f3n requerida; cancelarlos siempre y cuando est\u00e9 permitido por la ley y exista una causa que justifique dicha acci\u00f3n, por lo que de ser procedente su solicitud de cancelaci\u00f3n, se proceder\u00e1 a su bloqueo y supresi\u00f3n de sus Datos Personales y finalmente Usted tiene derecho en todo momento y por causa leg\u00edtima a oponerse al tratamiento de sus Datos Personales.<br>En t\u00e9rminos de lo dispuesto por los art\u00edculos 22 y 28 de la Ley Federal de Protecci\u00f3n de Datos Personales en Posesi\u00f3n de Particulares, Usted podr\u00e1 ejercer los derechos de acceso, rectificaci\u00f3n, cancelaci\u00f3n u oposici\u00f3n al tratamiento de sus datos (\u201cDerechos ARCO\u201d), debiendo presentar solicitud por escrito en t\u00e9rminos de lo que se\u00f1ala el art\u00edculo 29 de la Ley Federal de Protecci\u00f3n de Datos Personales en Posesi\u00f3n de los Particulares, debiendo presentar solicitud en nuestras instalaciones o v\u00eda correo electr\u00f3nico, ya especificados previamente.<\/p>\n","protected":false},"excerpt":{"rendered":"<p>AVISO DE PRIVACIDADEn cumplimiento a la Ley Federal de Protecci\u00f3n de Datos Personales en Posesi\u00f3n de Particulares, su Reglamento y dem\u00e1s disposiciones aplicables, ponemos a disposici\u00f3n de los titulares de datos personales, el siguiente:AVISO DE PRIVACIDAD Identidad del Responsable.CORMA CORPORATIVO con domicilio en Rancher\u00eda El Escribano S\/N, CP. 86600, Para\u00edso, Tabasco., Tel. (52) 993 106&#8230;<\/p>\n","protected":false},"author":1,"featured_media":0,"parent":0,"menu_order":0,"comment_status":"closed","ping_status":"closed","template":"","meta":{"footnotes":""},"class_list":["post-5236","page","type-page","status-publish","hentry","page--item"],"yoast_head":"<!-- This site is optimized with the Yoast SEO plugin v26.7 - https:\/\/yoast.com\/wordpress\/plugins\/seo\/ -->\n<title>Aviso de Privacidad - Corma Corporativo<\/title>\n<meta name=\"robots\" content=\"index, follow, max-snippet:-1, max-image-preview:large, max-video-preview:-1\" \/>\n<link rel=\"canonical\" href=\"https:\/\/cormacorporativo.com.mx\/index.php\/aviso-de-privacidad\/\" \/>\n<meta property=\"og:locale\" content=\"es_ES\" \/>\n<meta property=\"og:type\" content=\"article\" \/>\n<meta property=\"og:title\" content=\"Aviso de Privacidad - Corma Corporativo\" \/>\n<meta property=\"og:description\" content=\"AVISO DE PRIVACIDADEn cumplimiento a la Ley Federal de Protecci\u00f3n de Datos Personales en Posesi\u00f3n de Particulares, su Reglamento y dem\u00e1s disposiciones aplicables, ponemos a disposici\u00f3n de los titulares de datos personales, el siguiente:AVISO DE PRIVACIDAD Identidad del Responsable.CORMA CORPORATIVO con domicilio en Rancher\u00eda El Escribano S\/N, CP. 86600, Para\u00edso, Tabasco., Tel. (52) 993 106...\" \/>\n<meta property=\"og:url\" content=\"https:\/\/cormacorporativo.com.mx\/index.php\/aviso-de-privacidad\/\" \/>\n<meta property=\"og:site_name\" content=\"Corma Corporativo\" \/>\n<meta property=\"article:modified_time\" content=\"2024-12-09T18:03:04+00:00\" \/>\n<meta name=\"twitter:card\" content=\"summary_large_image\" \/>\n<meta name=\"twitter:label1\" content=\"Tiempo de lectura\" \/>\n\t<meta name=\"twitter:data1\" content=\"13 minutos\" \/>\n<script type=\"application\/ld+json\" class=\"yoast-schema-graph\">{\"@context\":\"https:\/\/schema.org\",\"@graph\":[{\"@type\":\"WebPage\",\"@id\":\"https:\/\/cormacorporativo.com.mx\/index.php\/aviso-de-privacidad\/\",\"url\":\"https:\/\/cormacorporativo.com.mx\/index.php\/aviso-de-privacidad\/\",\"name\":\"Aviso de Privacidad - Corma Corporativo\",\"isPartOf\":{\"@id\":\"https:\/\/cormacorporativo.com.mx\/#website\"},\"datePublished\":\"2024-12-09T17:02:54+00:00\",\"dateModified\":\"2024-12-09T18:03:04+00:00\",\"breadcrumb\":{\"@id\":\"https:\/\/cormacorporativo.com.mx\/index.php\/aviso-de-privacidad\/#breadcrumb\"},\"inLanguage\":\"es\",\"potentialAction\":[{\"@type\":\"ReadAction\",\"target\":[\"https:\/\/cormacorporativo.com.mx\/index.php\/aviso-de-privacidad\/\"]}]},{\"@type\":\"BreadcrumbList\",\"@id\":\"https:\/\/cormacorporativo.com.mx\/index.php\/aviso-de-privacidad\/#breadcrumb\",\"itemListElement\":[{\"@type\":\"ListItem\",\"position\":1,\"name\":\"Portada\",\"item\":\"https:\/\/cormacorporativo.com.mx\/\"},{\"@type\":\"ListItem\",\"position\":2,\"name\":\"Aviso de Privacidad\"}]},{\"@type\":\"WebSite\",\"@id\":\"https:\/\/cormacorporativo.com.mx\/#website\",\"url\":\"https:\/\/cormacorporativo.com.mx\/\",\"name\":\"Corma Corporativo\",\"description\":\"\",\"potentialAction\":[{\"@type\":\"SearchAction\",\"target\":{\"@type\":\"EntryPoint\",\"urlTemplate\":\"https:\/\/cormacorporativo.com.mx\/?s={search_term_string}\"},\"query-input\":{\"@type\":\"PropertyValueSpecification\",\"valueRequired\":true,\"valueName\":\"search_term_string\"}}],\"inLanguage\":\"es\"}]}<\/script>\n<!-- \/ Yoast SEO plugin. -->","yoast_head_json":{"title":"Aviso de Privacidad - Corma Corporativo","robots":{"index":"index","follow":"follow","max-snippet":"max-snippet:-1","max-image-preview":"max-image-preview:large","max-video-preview":"max-video-preview:-1"},"canonical":"https:\/\/cormacorporativo.com.mx\/index.php\/aviso-de-privacidad\/","og_locale":"es_ES","og_type":"article","og_title":"Aviso de Privacidad - Corma Corporativo","og_description":"AVISO DE PRIVACIDADEn cumplimiento a la Ley Federal de Protecci\u00f3n de Datos Personales en Posesi\u00f3n de Particulares, su Reglamento y dem\u00e1s disposiciones aplicables, ponemos a disposici\u00f3n de los titulares de datos personales, el siguiente:AVISO DE PRIVACIDAD Identidad del Responsable.CORMA CORPORATIVO con domicilio en Rancher\u00eda El Escribano S\/N, CP. 86600, Para\u00edso, Tabasco., Tel. (52) 993 106...","og_url":"https:\/\/cormacorporativo.com.mx\/index.php\/aviso-de-privacidad\/","og_site_name":"Corma Corporativo","article_modified_time":"2024-12-09T18:03:04+00:00","twitter_card":"summary_large_image","twitter_misc":{"Tiempo de lectura":"13 minutos"},"schema":{"@context":"https:\/\/schema.org","@graph":[{"@type":"WebPage","@id":"https:\/\/cormacorporativo.com.mx\/index.php\/aviso-de-privacidad\/","url":"https:\/\/cormacorporativo.com.mx\/index.php\/aviso-de-privacidad\/","name":"Aviso de Privacidad - Corma Corporativo","isPartOf":{"@id":"https:\/\/cormacorporativo.com.mx\/#website"},"datePublished":"2024-12-09T17:02:54+00:00","dateModified":"2024-12-09T18:03:04+00:00","breadcrumb":{"@id":"https:\/\/cormacorporativo.com.mx\/index.php\/aviso-de-privacidad\/#breadcrumb"},"inLanguage":"es","potentialAction":[{"@type":"ReadAction","target":["https:\/\/cormacorporativo.com.mx\/index.php\/aviso-de-privacidad\/"]}]},{"@type":"BreadcrumbList","@id":"https:\/\/cormacorporativo.com.mx\/index.php\/aviso-de-privacidad\/#breadcrumb","itemListElement":[{"@type":"ListItem","position":1,"name":"Portada","item":"https:\/\/cormacorporativo.com.mx\/"},{"@type":"ListItem","position":2,"name":"Aviso de Privacidad"}]},{"@type":"WebSite","@id":"https:\/\/cormacorporativo.com.mx\/#website","url":"https:\/\/cormacorporativo.com.mx\/","name":"Corma Corporativo","description":"","potentialAction":[{"@type":"SearchAction","target":{"@type":"EntryPoint","urlTemplate":"https:\/\/cormacorporativo.com.mx\/?s={search_term_string}"},"query-input":{"@type":"PropertyValueSpecification","valueRequired":true,"valueName":"search_term_string"}}],"inLanguage":"es"}]}},"_links":{"self":[{"href":"https:\/\/cormacorporativo.com.mx\/index.php\/wp-json\/wp\/v2\/pages\/5236","targetHints":{"allow":["GET"]}}],"collection":[{"href":"https:\/\/cormacorporativo.com.mx\/index.php\/wp-json\/wp\/v2\/pages"}],"about":[{"href":"https:\/\/cormacorporativo.com.mx\/index.php\/wp-json\/wp\/v2\/types\/page"}],"author":[{"embeddable":true,"href":"https:\/\/cormacorporativo.com.mx\/index.php\/wp-json\/wp\/v2\/users\/1"}],"replies":[{"embeddable":true,"href":"https:\/\/cormacorporativo.com.mx\/index.php\/wp-json\/wp\/v2\/comments?post=5236"}],"version-history":[{"count":3,"href":"https:\/\/cormacorporativo.com.mx\/index.php\/wp-json\/wp\/v2\/pages\/5236\/revisions"}],"predecessor-version":[{"id":5246,"href":"https:\/\/cormacorporativo.com.mx\/index.php\/wp-json\/wp\/v2\/pages\/5236\/revisions\/5246"}],"wp:attachment":[{"href":"https:\/\/cormacorporativo.com.mx\/index.php\/wp-json\/wp\/v2\/media?parent=5236"}],"curies":[{"name":"wp","href":"https:\/\/api.w.org\/{rel}","templated":true}]}}